{"id":84,"date":"2023-09-10T18:53:20","date_gmt":"2023-09-10T16:53:20","guid":{"rendered":"https:\/\/secretsdutennis.fr\/?page_id=84"},"modified":"2023-09-21T18:55:46","modified_gmt":"2023-09-21T16:55:46","slug":"secrets-du-tennis","status":"publish","type":"page","link":"https:\/\/secretsdutennis.fr\/","title":{"rendered":"Secrets du Tennis"},"content":{"rendered":"\t\t<div data-elementor-type=\"wp-page\" data-elementor-id=\"84\" class=\"elementor elementor-84\">\n\t\t\t\t\t\t<section class=\"elementor-section elementor-top-section elementor-element elementor-element-be591cd elementor-section-boxed elementor-section-height-default elementor-section-height-default\" data-id=\"be591cd\" data-element_type=\"section\" data-e-type=\"section\">\n\t\t\t\t\t\t<div class=\"elementor-container elementor-column-gap-default\">\n\t\t\t\t\t<div class=\"elementor-column elementor-col-100 elementor-top-column elementor-element elementor-element-203b156\" data-id=\"203b156\" data-element_type=\"column\" data-e-type=\"column\">\n\t\t\t<div class=\"elementor-widget-wrap elementor-element-populated\">\n\t\t\t\t\t\t<div class=\"elementor-element elementor-element-3ed526b elementor-widget elementor-widget-wp-widget-ocean_custom_header_nav\" data-id=\"3ed526b\" data-element_type=\"widget\" data-e-type=\"widget\" data-widget_type=\"wp-widget-ocean_custom_header_nav.default\">\n\t\t\t\t<div class=\"elementor-widget-container\">\n\t\t\t\t\t\r\n\t\t\t\t<div class=\"custom-header-nav clr right\">\r\n\r\n\t\t\t\t\t\t\t\t<div id=\"site-navigation-wrap\" class=\"clr\">\n\t\t\t\n\t\t\t\n\t\t\t\n\t\t\t<nav id=\"site-navigation\" class=\"navigation main-navigation clr\" itemscope=\"itemscope\" itemtype=\"https:\/\/schema.org\/SiteNavigationElement\" role=\"navigation\" >\n\n\t\t\t\t<ul id=\"menu-menu\" class=\"main-menu dropdown-menu sf-menu\"><li id=\"menu-item-186\" class=\"menu-item menu-item-type-post_type menu-item-object-page menu-item-186\"><a href=\"https:\/\/secretsdutennis.fr\/?page_id=185\" class=\"menu-link\"><span class=\"text-wrap\">D\u00e9tails sur la technique<\/span><\/a><\/li><li id=\"menu-item-163\" class=\"menu-item menu-item-type-post_type menu-item-object-page menu-item-163\"><a href=\"https:\/\/secretsdutennis.fr\/?page_id=160\" class=\"menu-link\"><span class=\"text-wrap\">Paroles d\u2019internautes<\/span><\/a><\/li><li id=\"menu-item-90\" class=\"menu-item menu-item-type-post_type menu-item-object-page menu-item-90\"><a href=\"https:\/\/secretsdutennis.fr\/?page_id=2\" class=\"menu-link\"><span class=\"text-wrap\">A propos de l\u2019auteur<\/span><\/a><\/li><li id=\"menu-item-89\" class=\"menu-item menu-item-type-post_type menu-item-object-page menu-item-89\"><a href=\"https:\/\/secretsdutennis.fr\/?page_id=36\" class=\"menu-link\"><span class=\"text-wrap\">Les livres et revues \u00e0 commander<\/span><\/a><\/li><li id=\"menu-item-480\" class=\"menu-item menu-item-type-post_type menu-item-object-page menu-item-480\"><a href=\"https:\/\/secretsdutennis.fr\/?page_id=479\" class=\"menu-link\"><span class=\"text-wrap\">Demande USB \u2013 en cours<\/span><\/a><\/li><li class=\"search-toggle-li\" ><a href=\"https:\/\/secretsdutennis.fr\/#\" class=\"site-search-toggle search-dropdown-toggle\"><span class=\"screen-reader-text\">Toggle website search<\/span><i class=\" icon-magnifier\" aria-hidden=\"true\" role=\"img\"><\/i><\/a><\/li><\/ul>\n<div id=\"searchform-dropdown\" class=\"header-searchform-wrap clr\" >\n\t\n<form aria-label=\"Rechercher sur ce site\" role=\"search\" method=\"get\" class=\"searchform\" action=\"https:\/\/secretsdutennis.fr\/\">\t\n\t<input aria-label=\"Ins\u00e9rer une requ\u00eate de recherche\" type=\"search\" id=\"ocean-search-form-1\" class=\"field\" autocomplete=\"off\" placeholder=\"Rechercher\" name=\"s\">\n\t\t<\/form>\n<\/div><!-- #searchform-dropdown -->\n\n\t\t\t<\/nav><!-- #site-navigation -->\n\n\t\t\t\n\t\t\t\n\t\t\t\t\t<\/div><!-- #site-navigation-wrap -->\n\t\t\t\n\t\t\n\t\n\t\n\t<div class=\"oceanwp-mobile-menu-icon clr mobile-right\">\n\n\t\t\n\t\t\n\t\t\n\t\t<a href=\"https:\/\/secretsdutennis.fr\/#mobile-menu-toggle\" class=\"mobile-menu\"  aria-label=\"Menu mobile\">\n\t\t\t\t\t\t\t<i class=\"fa fa-bars\" aria-hidden=\"true\"><\/i>\n\t\t\t\t\t\t\t\t<span class=\"oceanwp-text\">Menu<\/span>\n\t\t\t\t<span class=\"oceanwp-close-text\">Fermer<\/span>\n\t\t\t\t\t\t<\/a>\n\n\t\t\n\t\t\n\t\t\n\t<\/div><!-- #oceanwp-mobile-menu-navbar -->\n\n\t\n\n<div id=\"mobile-dropdown\" class=\"clr\" >\n\n\t<nav class=\"clr\" itemscope=\"itemscope\" itemtype=\"https:\/\/schema.org\/SiteNavigationElement\">\n\n\t\t<ul id=\"menu-menu-1\" class=\"menu\"><li class=\"menu-item menu-item-type-post_type menu-item-object-page menu-item-186\"><a href=\"https:\/\/secretsdutennis.fr\/?page_id=185\">D\u00e9tails sur la technique<\/a><\/li>\n<li class=\"menu-item menu-item-type-post_type menu-item-object-page menu-item-163\"><a href=\"https:\/\/secretsdutennis.fr\/?page_id=160\">Paroles d\u2019internautes<\/a><\/li>\n<li class=\"menu-item menu-item-type-post_type menu-item-object-page menu-item-90\"><a href=\"https:\/\/secretsdutennis.fr\/?page_id=2\">A propos de l\u2019auteur<\/a><\/li>\n<li class=\"menu-item menu-item-type-post_type menu-item-object-page menu-item-89\"><a href=\"https:\/\/secretsdutennis.fr\/?page_id=36\">Les livres et revues \u00e0 commander<\/a><\/li>\n<li class=\"menu-item menu-item-type-post_type menu-item-object-page menu-item-480\"><a href=\"https:\/\/secretsdutennis.fr\/?page_id=479\">Demande USB \u2013 en cours<\/a><\/li>\n<li class=\"search-toggle-li\" ><a href=\"https:\/\/secretsdutennis.fr\/#\" class=\"site-search-toggle search-dropdown-toggle\"><span class=\"screen-reader-text\">Toggle website search<\/span><i class=\" icon-magnifier\" aria-hidden=\"true\" role=\"img\"><\/i><\/a><\/li><\/ul>\n<div id=\"mobile-menu-search\" class=\"clr\">\n\t<form aria-label=\"Rechercher sur ce site\" method=\"get\" action=\"https:\/\/secretsdutennis.fr\/\" class=\"mobile-searchform\">\n\t\t<input aria-label=\"Ins\u00e9rer une requ\u00eate de recherche\" value=\"\" class=\"field\" id=\"ocean-mobile-search-2\" type=\"search\" name=\"s\" autocomplete=\"off\" placeholder=\"Rechercher\" \/>\n\t\t<button aria-label=\"Envoyer la recherche\" type=\"submit\" class=\"searchform-submit\">\n\t\t\t<i class=\" icon-magnifier\" aria-hidden=\"true\" role=\"img\"><\/i>\t\t<\/button>\n\t\t\t\t\t<\/form>\n<\/div><!-- .mobile-menu-search -->\n\n\t<\/nav>\n\n<\/div>\n\r\n\t\t\t\t<\/div>\r\n\r\n\t\t\t\t\t\t\t<\/div>\n\t\t\t\t<\/div>\n\t\t\t\t\t<\/div>\n\t\t<\/div>\n\t\t\t\t\t<\/div>\n\t\t<\/section>\n\t\t\t\t<section class=\"elementor-section elementor-top-section elementor-element elementor-element-5771f66a elementor-section-full_width elementor-section-height-min-height elementor-section-items-stretch elementor-reverse-tablet elementor-reverse-mobile elementor-section-height-default\" data-id=\"5771f66a\" data-element_type=\"section\" data-e-type=\"section\" data-settings=\"{&quot;background_background&quot;:&quot;classic&quot;,&quot;shape_divider_bottom&quot;:&quot;pyramids&quot;,&quot;shape_divider_bottom_negative&quot;:&quot;yes&quot;}\">\n\t\t\t\t\t\t\t<div class=\"elementor-background-overlay\"><\/div>\n\t\t\t\t\t\t<div class=\"elementor-shape elementor-shape-bottom\" aria-hidden=\"true\" data-negative=\"true\">\n\t\t\t<svg xmlns=\"http:\/\/www.w3.org\/2000\/svg\" viewBox=\"0 0 1000 100\" preserveAspectRatio=\"none\">\n\t<path class=\"elementor-shape-fill\" d=\"M761.9,40.6L643.1,24L333.9,93.8L0.1,1H0v99h1000V1\"\/>\n<\/svg>\t\t<\/div>\n\t\t\t\t\t<div class=\"elementor-container elementor-column-gap-default\">\n\t\t\t\t\t<div class=\"elementor-column elementor-col-50 elementor-top-column elementor-element elementor-element-78d69f51\" data-id=\"78d69f51\" data-element_type=\"column\" data-e-type=\"column\">\n\t\t\t<div class=\"elementor-widget-wrap elementor-element-populated\">\n\t\t\t\t\t\t<section class=\"elementor-section elementor-inner-section elementor-element elementor-element-d64b22d elementor-section-boxed elementor-section-height-default elementor-section-height-default\" data-id=\"d64b22d\" data-element_type=\"section\" data-e-type=\"section\">\n\t\t\t\t\t\t<div class=\"elementor-container elementor-column-gap-default\">\n\t\t\t\t\t<div class=\"elementor-column elementor-col-50 elementor-inner-column elementor-element elementor-element-378aa3e\" data-id=\"378aa3e\" data-element_type=\"column\" data-e-type=\"column\">\n\t\t\t<div class=\"elementor-widget-wrap\">\n\t\t\t\t\t\t\t<\/div>\n\t\t<\/div>\n\t\t\t\t<div class=\"elementor-column elementor-col-50 elementor-inner-column elementor-element elementor-element-f905119\" data-id=\"f905119\" data-element_type=\"column\" data-e-type=\"column\">\n\t\t\t<div class=\"elementor-widget-wrap\">\n\t\t\t\t\t\t\t<\/div>\n\t\t<\/div>\n\t\t\t\t\t<\/div>\n\t\t<\/section>\n\t\t\t\t\t<\/div>\n\t\t<\/div>\n\t\t\t\t<div class=\"elementor-column elementor-col-50 elementor-top-column elementor-element elementor-element-32bed6d\" data-id=\"32bed6d\" data-element_type=\"column\" data-e-type=\"column\">\n\t\t\t<div class=\"elementor-widget-wrap elementor-element-populated\">\n\t\t\t\t\t\t<div class=\"elementor-element elementor-element-4d694e4d elementor-invisible elementor-widget elementor-widget-heading\" data-id=\"4d694e4d\" data-element_type=\"widget\" data-e-type=\"widget\" data-settings=\"{&quot;_animation&quot;:&quot;fadeInDown&quot;}\" data-widget_type=\"heading.default\">\n\t\t\t\t<div class=\"elementor-widget-container\">\n\t\t\t\t\t<h1 class=\"elementor-heading-title elementor-size-default\">Secrets du tennis<\/h1>\t\t\t\t<\/div>\n\t\t\t\t<\/div>\n\t\t\t\t\t<\/div>\n\t\t<\/div>\n\t\t\t\t\t<\/div>\n\t\t<\/section>\n\t\t\t\t<section class=\"elementor-section elementor-top-section elementor-element elementor-element-37611382 elementor-section-boxed elementor-section-height-default elementor-section-height-default\" data-id=\"37611382\" data-element_type=\"section\" data-e-type=\"section\" data-settings=\"{&quot;background_background&quot;:&quot;classic&quot;}\">\n\t\t\t\t\t\t<div class=\"elementor-container elementor-column-gap-default\">\n\t\t\t\t\t<div class=\"elementor-column elementor-col-100 elementor-top-column elementor-element elementor-element-24863f71\" data-id=\"24863f71\" data-element_type=\"column\" data-e-type=\"column\">\n\t\t\t<div class=\"elementor-widget-wrap elementor-element-populated\">\n\t\t\t\t\t\t<section class=\"elementor-section elementor-inner-section elementor-element elementor-element-c2db6f1 elementor-section-boxed elementor-section-height-default elementor-section-height-default\" data-id=\"c2db6f1\" data-element_type=\"section\" data-e-type=\"section\">\n\t\t\t\t\t\t<div class=\"elementor-container elementor-column-gap-default\">\n\t\t\t\t\t<div class=\"elementor-column elementor-col-50 elementor-inner-column elementor-element elementor-element-e445f0d\" data-id=\"e445f0d\" data-element_type=\"column\" data-e-type=\"column\">\n\t\t\t<div class=\"elementor-widget-wrap elementor-element-populated\">\n\t\t\t\t\t\t<div class=\"elementor-element elementor-element-5743556 elementor-widget elementor-widget-text-editor\" data-id=\"5743556\" data-element_type=\"widget\" data-e-type=\"widget\" data-widget_type=\"text-editor.default\">\n\t\t\t\t<div class=\"elementor-widget-container\">\n\t\t\t\t\t\t\t\t\t<p class=\"has-small-font-size\" style=\"margin-block: 0px; max-width: var(--wp--style--global--content-size); color: #000000; font-family: -apple-system, 'system-ui', 'Segoe UI', Roboto, Oxygen-Sans, Ubuntu, Cantarell, 'Helvetica Neue', sans-serif; font-style: normal; font-variant-ligatures: normal; font-variant-caps: normal; font-weight: 400; line-height: 1.6; font-size: var(--wp--preset--font-size--small) !important; margin-left: auto !important; margin-right: auto !important;\"><strong>Les motivations de ma recherche<\/strong><\/p>\n<p class=\"has-small-font-size\" style=\"margin-block: 1.5rem 0px; max-width: var(--wp--style--global--content-size); color: #000000; font-family: -apple-system, 'system-ui', 'Segoe UI', Roboto, Oxygen-Sans, Ubuntu, Cantarell, 'Helvetica Neue', sans-serif; font-style: normal; font-variant-ligatures: normal; font-variant-caps: normal; font-weight: 400; font-size: var(--wp--preset--font-size--small) !important; margin-left: auto !important; margin-right: auto !important;\">En effet au d\u00e9but de mon enseignement entre 1969 et 1972, j\u2019ai eu avec mes \u00e9l\u00e8ves les pires difficult\u00e9s pour les convaincre de la technique la plus \u00e9l\u00e9mentaire car il \u00e9tait conseill\u00e9 tout et son contraire. Apr\u00e8s une p\u00e9riode p\u00e9nible o\u00f9 j\u2019ai failli abandonner l\u2019enseignement du tennis, j\u2019ai eu l\u2019id\u00e9e de montrer des documents photographiques pour prouver la v\u00e9racit\u00e9 de ce que j\u2019avan\u00e7ais et pris au jeu, j\u2019ai apr\u00e8s plus de 30 ans de recherches cr\u00e9\u00e9 une importante collection sur tous les coups du tennis avec en particulier 4 dossiers ( plus de 1000 pages de toutes les erreurs et incomp\u00e9tences faites \u00e0 toutes les \u00e9poques et dans tous les pays du monde ) qui prouvent que pendant tout le 20\u00e8me si\u00e8cle toutes les f\u00e9d\u00e9rations de tennis du monde ne comprenaient pas la m\u00e9canique tennistique ou la technique tennistique. Je d\u00e9montre qu\u2019il existe une v\u00e9rit\u00e9 m\u00e9canique et anatomique et que les champions d\u2019hier ont jou\u00e9 comme jouent les champions d\u2019aujourd\u2019hui et comme joueront les champions de demain. Pendant tout le 20\u00e8me si\u00e8cle les champions avaient un point faible et quelquefois m\u00eame 2 points faibles qui prouvent l\u2019incomp\u00e9tence des f\u00e9d\u00e9rations tennis.<\/p>\n<p class=\"has-small-font-size\" style=\"margin-block: 1.5rem 0px; max-width: var(--wp--style--global--content-size); color: #000000; font-family: -apple-system, 'system-ui', 'Segoe UI', Roboto, Oxygen-Sans, Ubuntu, Cantarell, 'Helvetica Neue', sans-serif; font-style: normal; font-variant-ligatures: normal; font-variant-caps: normal; font-weight: 400; font-size: var(--wp--preset--font-size--small) !important; margin-left: auto !important; margin-right: auto !important;\"><strong>Dans la revue \u00a0\u00bb Tennis et Golf \u00a0\u00bb n\u00b0 415 juin 1953 page 85<\/strong>:<\/p>\n<p class=\"has-small-font-size\" style=\"margin-block: 1.5rem 0px; max-width: var(--wp--style--global--content-size); color: #000000; font-family: -apple-system, 'system-ui', 'Segoe UI', Roboto, Oxygen-Sans, Ubuntu, Cantarell, 'Helvetica Neue', sans-serif; font-style: normal; font-variant-ligatures: normal; font-variant-caps: normal; font-weight: 400; font-size: var(--wp--preset--font-size--small) !important; margin-left: auto !important; margin-right: auto !important;\"><strong>Ren\u00e9 Pelletier dit ceci:<\/strong>\u00a0\u00a0\u00bb Apr\u00e8s la faillite de la m\u00e9thode dite Suzanne LENGLEN qui ne m\u00e9rite aucun concordat, m\u00e9fions-nous de toute r\u00e9cidive d\u2019improvisation h\u00e2tive, l\u2019affublerait-on du nom des plus grands champions \u00ab\u00a0.<\/p>\n<p class=\"has-small-font-size\" style=\"margin-block: 1.5rem 0px; max-width: var(--wp--style--global--content-size); color: #000000; font-family: -apple-system, 'system-ui', 'Segoe UI', Roboto, Oxygen-Sans, Ubuntu, Cantarell, 'Helvetica Neue', sans-serif; font-style: normal; font-variant-ligatures: normal; font-variant-caps: normal; font-weight: 400; font-size: var(--wp--preset--font-size--small) !important; margin-left: auto !important; margin-right: auto !important;\">Suzanne LENGLEN joueuse fran\u00e7aise est class\u00e9e num\u00e9ro 1 mondiale en 1925 et 1926. C\u2019est \u00e0 dire d\u00e8s l\u2019existence d\u2019un tel classement.<\/p>\t\t\t\t\t\t\t\t<\/div>\n\t\t\t\t<\/div>\n\t\t\t\t\t<\/div>\n\t\t<\/div>\n\t\t\t\t<div class=\"elementor-column elementor-col-50 elementor-inner-column elementor-element elementor-element-af2d701\" data-id=\"af2d701\" data-element_type=\"column\" data-e-type=\"column\">\n\t\t\t<div class=\"elementor-widget-wrap elementor-element-populated\">\n\t\t\t\t\t\t<div class=\"elementor-element elementor-element-1b18f40 elementor-widget elementor-widget-image\" data-id=\"1b18f40\" data-element_type=\"widget\" data-e-type=\"widget\" data-widget_type=\"image.default\">\n\t\t\t\t<div class=\"elementor-widget-container\">\n\t\t\t\t\t\t\t\t\t\t\t\t<figure class=\"wp-caption\">\n\t\t\t\t\t\t\t\t\t\t<img fetchpriority=\"high\" decoding=\"async\" width=\"536\" height=\"316\" src=\"https:\/\/secretsdutennis.fr\/wp-content\/uploads\/2023\/09\/P-01-front.jpeg\" class=\"attachment-large size-large wp-image-7\" alt=\"\" srcset=\"https:\/\/secretsdutennis.fr\/wp-content\/uploads\/2023\/09\/P-01-front.jpeg 536w, https:\/\/secretsdutennis.fr\/wp-content\/uploads\/2023\/09\/P-01-front-300x177.jpeg 300w\" sizes=\"(max-width: 536px) 100vw, 536px\" \/>\t\t\t\t\t\t\t\t\t\t\t<figcaption class=\"widget-image-caption wp-caption-text\">30 ans de recherches et de passion. Une v\u00e9rit\u00e9 m\u00e9canique et anatomique. Un historique au service de la technique gestuelle. Une encyclop\u00e9die de la fin du 19\u00e8me si\u00e8cle, de tout le 20\u00e8me si\u00e8cle et du d\u00e9but du 21\u00e8me si\u00e8cle jusqu'\u00e0 la fin de l'ann\u00e9e 2002<\/figcaption>\n\t\t\t\t\t\t\t\t\t\t<\/figure>\n\t\t\t\t\t\t\t\t\t<\/div>\n\t\t\t\t<\/div>\n\t\t\t\t\t<\/div>\n\t\t<\/div>\n\t\t\t\t\t<\/div>\n\t\t<\/section>\n\t\t\t\t\t<\/div>\n\t\t<\/div>\n\t\t\t\t\t<\/div>\n\t\t<\/section>\n\t\t\t\t<section class=\"elementor-section elementor-top-section elementor-element elementor-element-4795bd8 elementor-section-boxed elementor-section-height-default elementor-section-height-default\" data-id=\"4795bd8\" data-element_type=\"section\" data-e-type=\"section\">\n\t\t\t\t\t\t<div class=\"elementor-container elementor-column-gap-default\">\n\t\t\t\t\t<div class=\"elementor-column elementor-col-100 elementor-top-column elementor-element elementor-element-e709445\" data-id=\"e709445\" data-element_type=\"column\" data-e-type=\"column\">\n\t\t\t<div class=\"elementor-widget-wrap elementor-element-populated\">\n\t\t\t\t\t\t<div class=\"elementor-element elementor-element-ab24520 elementor-widget elementor-widget-heading\" data-id=\"ab24520\" data-element_type=\"widget\" data-e-type=\"widget\" data-widget_type=\"heading.default\">\n\t\t\t\t<div class=\"elementor-widget-container\">\n\t\t\t\t\t<h2 class=\"elementor-heading-title elementor-size-default\">Livres publi\u00e9s<\/h2>\t\t\t\t<\/div>\n\t\t\t\t<\/div>\n\t\t\t\t\t<\/div>\n\t\t<\/div>\n\t\t\t\t\t<\/div>\n\t\t<\/section>\n\t\t\t\t<section class=\"elementor-section elementor-top-section elementor-element elementor-element-cf93f5e elementor-section-boxed elementor-section-height-default elementor-section-height-default\" data-id=\"cf93f5e\" data-element_type=\"section\" data-e-type=\"section\">\n\t\t\t\t\t\t<div class=\"elementor-container elementor-column-gap-default\">\n\t\t\t\t\t<div class=\"elementor-column elementor-col-100 elementor-top-column elementor-element elementor-element-538d581\" data-id=\"538d581\" data-element_type=\"column\" data-e-type=\"column\">\n\t\t\t<div class=\"elementor-widget-wrap elementor-element-populated\">\n\t\t\t\t\t\t\t<\/div>\n\t\t<\/div>\n\t\t\t\t\t<\/div>\n\t\t<\/section>\n\t\t\t\t<section class=\"elementor-section elementor-top-section elementor-element elementor-element-1ff0ee9 elementor-section-boxed elementor-section-height-default elementor-section-height-default\" data-id=\"1ff0ee9\" data-element_type=\"section\" data-e-type=\"section\">\n\t\t\t\t\t\t<div class=\"elementor-container elementor-column-gap-default\">\n\t\t\t\t\t<div class=\"elementor-column elementor-col-100 elementor-top-column elementor-element elementor-element-971b62d\" data-id=\"971b62d\" data-element_type=\"column\" data-e-type=\"column\">\n\t\t\t<div class=\"elementor-widget-wrap elementor-element-populated\">\n\t\t\t\t\t\t<div class=\"elementor-element elementor-element-7512fd9 elementor-widget elementor-widget-wp-widget-ocean_recent_posts\" data-id=\"7512fd9\" data-element_type=\"widget\" data-e-type=\"widget\" data-widget_type=\"wp-widget-ocean_recent_posts.default\">\n\t\t\t\t<div class=\"elementor-widget-container\">\n\t\t\t\t\t<h5>Articles parus dans la presse<\/h5>\r\n\t\t\t\t<ul class=\"oceanwp-recent-posts clr\">\r\n\r\n\t\t\t\t\t\r\n\t\t\t\t\t\t\t<li class=\"clr\">\r\n\r\n\t\t\t\t\t\t\t\t\r\n\t\t\t\t\t\t\t\t<div class=\"recent-posts-details clr\">\r\n\r\n\t\t\t\t\t\t\t\t\t<div class=\"recent-posts-details-inner clr\">\r\n\r\n\t\t\t\t\t\t\t\t\t\t<a href=\"https:\/\/secretsdutennis.fr\/?p=76\" class=\"recent-posts-title\">Douze ans de reflexions et de recherches: Les secrets du tennis d\u00e9couverts par le Maurepasien Fran\u00e7ois Lacaze<\/a>\r\n\r\n\t\t\t\t\t\t\t\t\t\t<div class=\"recent-posts-info clr\">\r\n\t\t\t\t\t\t\t\t\t\t\t<div class=\"recent-posts-date\">10 septembre 2023<span class=\"sep\">\/<\/span><\/div>\r\n\t\t\t\t\t\t\t\t\t\t\t<div class=\"recent-posts-comments\"><a href=\"https:\/\/secretsdutennis.fr\/?p=76#respond\">0 commentaire<\/a><\/div>\r\n\t\t\t\t\t\t\t\t\t\t<\/div>\r\n\r\n\t\t\t\t\t\t\t\t\t<\/div>\r\n\r\n\t\t\t\t\t\t\t\t<\/div>\r\n\r\n\t\t\t\t\t\t\t<\/li>\r\n\r\n\t\t\t\t\t\t\r\n\t\t\t\t\t\t\t<li class=\"clr\">\r\n\r\n\t\t\t\t\t\t\t\t\r\n\t\t\t\t\t\t\t\t<div class=\"recent-posts-details clr\">\r\n\r\n\t\t\t\t\t\t\t\t\t<div class=\"recent-posts-details-inner clr\">\r\n\r\n\t\t\t\t\t\t\t\t\t\t<a href=\"https:\/\/secretsdutennis.fr\/?p=74\" class=\"recent-posts-title\">Douze ans de r\u00e9flexion et quatre mille pages!<\/a>\r\n\r\n\t\t\t\t\t\t\t\t\t\t<div class=\"recent-posts-info clr\">\r\n\t\t\t\t\t\t\t\t\t\t\t<div class=\"recent-posts-date\">10 septembre 2023<span class=\"sep\">\/<\/span><\/div>\r\n\t\t\t\t\t\t\t\t\t\t\t<div class=\"recent-posts-comments\"><a href=\"https:\/\/secretsdutennis.fr\/?p=74#respond\">0 commentaire<\/a><\/div>\r\n\t\t\t\t\t\t\t\t\t\t<\/div>\r\n\r\n\t\t\t\t\t\t\t\t\t<\/div>\r\n\r\n\t\t\t\t\t\t\t\t<\/div>\r\n\r\n\t\t\t\t\t\t\t<\/li>\r\n\r\n\t\t\t\t\t\t\r\n\t\t\t\t\t\t\t<li class=\"clr\">\r\n\r\n\t\t\t\t\t\t\t\t\r\n\t\t\t\t\t\t\t\t<div class=\"recent-posts-details clr\">\r\n\r\n\t\t\t\t\t\t\t\t\t<div class=\"recent-posts-details-inner clr\">\r\n\r\n\t\t\t\t\t\t\t\t\t\t<a href=\"https:\/\/secretsdutennis.fr\/?p=13\" class=\"recent-posts-title\">Fran\u00e7ois Lacaze bient\u00f4t \u00e9dit\u00e9? La v\u00e9rit\u00e9 en 3000 pages<\/a>\r\n\r\n\t\t\t\t\t\t\t\t\t\t<div class=\"recent-posts-info clr\">\r\n\t\t\t\t\t\t\t\t\t\t\t<div class=\"recent-posts-date\">2 septembre 2023<span class=\"sep\">\/<\/span><\/div>\r\n\t\t\t\t\t\t\t\t\t\t\t<div class=\"recent-posts-comments\"><a href=\"https:\/\/secretsdutennis.fr\/?p=13#respond\">0 commentaire<\/a><\/div>\r\n\t\t\t\t\t\t\t\t\t\t<\/div>\r\n\r\n\t\t\t\t\t\t\t\t\t<\/div>\r\n\r\n\t\t\t\t\t\t\t\t<\/div>\r\n\r\n\t\t\t\t\t\t\t<\/li>\r\n\r\n\t\t\t\t\t\t\r\n\t\t\t\t\t\r\n\t\t\t\t<\/ul>\r\n\r\n\t\t\t\t\r\n\t\t\t\t\t\t\t<\/div>\n\t\t\t\t<\/div>\n\t\t\t\t\t<\/div>\n\t\t<\/div>\n\t\t\t\t\t<\/div>\n\t\t<\/section>\n\t\t\t\t<\/div>\n\t\t","protected":false},"excerpt":{"rendered":"<p>Secrets du tennis Les motivations de ma recherche En effet au d\u00e9but de mon enseignement entre 1969 et 1972, j\u2019ai eu avec mes \u00e9l\u00e8ves les pires difficult\u00e9s pour les convaincre de la technique la plus \u00e9l\u00e9mentaire car il \u00e9tait conseill\u00e9 tout et son contraire. Apr\u00e8s une p\u00e9riode p\u00e9nible o\u00f9 j\u2019ai failli abandonner l\u2019enseignement du tennis, [&hellip;]<\/p>\n","protected":false},"author":2,"featured_media":0,"parent":0,"menu_order":0,"comment_status":"closed","ping_status":"closed","template":"templates\/landing.php","meta":{"ocean_post_layout":"full-screen","ocean_both_sidebars_style":"","ocean_both_sidebars_content_width":0,"ocean_both_sidebars_sidebars_width":0,"ocean_sidebar":"","ocean_second_sidebar":"","ocean_disable_margins":"enable","ocean_add_body_class":"","ocean_shortcode_before_top_bar":"","ocean_shortcode_after_top_bar":"","ocean_shortcode_before_header":"","ocean_shortcode_after_header":"","ocean_has_shortcode":"","ocean_shortcode_after_title":"","ocean_shortcode_before_footer_widgets":"","ocean_shortcode_after_footer_widgets":"","ocean_shortcode_before_footer_bottom":"","ocean_shortcode_after_footer_bottom":"","ocean_display_top_bar":"default","ocean_display_header":"default","ocean_header_style":"","ocean_center_header_left_menu":"","ocean_custom_header_template":"","ocean_custom_logo":0,"ocean_custom_retina_logo":0,"ocean_custom_logo_max_width":0,"ocean_custom_logo_tablet_max_width":0,"ocean_custom_logo_mobile_max_width":0,"ocean_custom_logo_max_height":0,"ocean_custom_logo_tablet_max_height":0,"ocean_custom_logo_mobile_max_height":0,"ocean_header_custom_menu":"6","ocean_menu_typo_font_family":"","ocean_menu_typo_font_subset":"","ocean_menu_typo_font_size":0,"ocean_menu_typo_font_size_tablet":0,"ocean_menu_typo_font_size_mobile":0,"ocean_menu_typo_font_size_unit":"px","ocean_menu_typo_font_weight":"","ocean_menu_typo_font_weight_tablet":"","ocean_menu_typo_font_weight_mobile":"","ocean_menu_typo_transform":"","ocean_menu_typo_transform_tablet":"","ocean_menu_typo_transform_mobile":"","ocean_menu_typo_line_height":0,"ocean_menu_typo_line_height_tablet":0,"ocean_menu_typo_line_height_mobile":0,"ocean_menu_typo_line_height_unit":"","ocean_menu_typo_spacing":0,"ocean_menu_typo_spacing_tablet":0,"ocean_menu_typo_spacing_mobile":0,"ocean_menu_typo_spacing_unit":"","ocean_menu_link_color":"","ocean_menu_link_color_hover":"","ocean_menu_link_color_active":"","ocean_menu_link_background":"","ocean_menu_link_hover_background":"","ocean_menu_link_active_background":"","ocean_menu_social_links_bg":"","ocean_menu_social_hover_links_bg":"","ocean_menu_social_links_color":"","ocean_menu_social_hover_links_color":"","ocean_disable_title":"default","ocean_disable_heading":"default","ocean_post_title":"","ocean_post_subheading":"","ocean_post_title_style":"","ocean_post_title_background_color":"","ocean_post_title_background":0,"ocean_post_title_bg_image_position":"","ocean_post_title_bg_image_attachment":"","ocean_post_title_bg_image_repeat":"","ocean_post_title_bg_image_size":"","ocean_post_title_height":0,"ocean_post_title_bg_overlay":0.5,"ocean_post_title_bg_overlay_color":"","ocean_disable_breadcrumbs":"default","ocean_breadcrumbs_color":"","ocean_breadcrumbs_separator_color":"","ocean_breadcrumbs_links_color":"","ocean_breadcrumbs_links_hover_color":"","ocean_display_footer_widgets":"default","ocean_display_footer_bottom":"default","ocean_custom_footer_template":"","footnotes":""},"class_list":["post-84","page","type-page","status-publish","hentry","entry"],"_links":{"self":[{"href":"https:\/\/secretsdutennis.fr\/index.php?rest_route=\/wp\/v2\/pages\/84","targetHints":{"allow":["GET"]}}],"collection":[{"href":"https:\/\/secretsdutennis.fr\/index.php?rest_route=\/wp\/v2\/pages"}],"about":[{"href":"https:\/\/secretsdutennis.fr\/index.php?rest_route=\/wp\/v2\/types\/page"}],"author":[{"embeddable":true,"href":"https:\/\/secretsdutennis.fr\/index.php?rest_route=\/wp\/v2\/users\/2"}],"replies":[{"embeddable":true,"href":"https:\/\/secretsdutennis.fr\/index.php?rest_route=%2Fwp%2Fv2%2Fcomments&post=84"}],"version-history":[{"count":35,"href":"https:\/\/secretsdutennis.fr\/index.php?rest_route=\/wp\/v2\/pages\/84\/revisions"}],"predecessor-version":[{"id":435,"href":"https:\/\/secretsdutennis.fr\/index.php?rest_route=\/wp\/v2\/pages\/84\/revisions\/435"}],"wp:attachment":[{"href":"https:\/\/secretsdutennis.fr\/index.php?rest_route=%2Fwp%2Fv2%2Fmedia&parent=84"}],"curies":[{"name":"wp","href":"https:\/\/api.w.org\/{rel}","templated":true}]}}