{"id":2,"date":"2023-09-01T15:04:36","date_gmt":"2023-09-01T13:04:36","guid":{"rendered":"http:\/\/secretsdutennis.fr\/?page_id=2"},"modified":"2023-09-15T15:20:18","modified_gmt":"2023-09-15T13:20:18","slug":"page-d-exemple","status":"publish","type":"page","link":"https:\/\/secretsdutennis.fr\/?page_id=2","title":{"rendered":"A propos de l&rsquo;auteur"},"content":{"rendered":"\n<p>Fran\u00e7ois Lacaze est enseignant de tennis professionnel. <\/p>\n\n\n\n<blockquote class=\"wp-block-quote is-layout-flow wp-block-quote-is-layout-flow\">\n<p>Pendant 30 ans il a fait ses propres recherches sur l&rsquo;apprentissage et la technique du tennis. <\/p>\n<\/blockquote>\n\n\n\n<p>\u2026plus de 1000 pages de documentation&nbsp;:<\/p>\n\n\n\n<blockquote class=\"wp-block-quote is-layout-flow wp-block-quote-is-layout-flow\">\n<p>Ma recherche souligne toutes les erreurs et incomp\u00e9tences faites pendant tout le 20\u00b0 si\u00e8cle et prouvent que toutes les f\u00e9d\u00e9rations de tennis du monde ne comprenaient pas la m\u00e9canique tennistique.<\/p>\n<\/blockquote>\n\n\n\n<p>Amusez-vous bien&nbsp;!<\/p>\n\n\n\n<figure class=\"wp-block-image size-full\"><img fetchpriority=\"high\" decoding=\"async\" width=\"536\" height=\"316\" src=\"http:\/\/secretsdutennis.fr\/wp-content\/uploads\/2023\/09\/P-01-front.jpeg\" alt=\"Image principale pour la page &quot;a propos&quot;\" class=\"wp-image-7\" srcset=\"https:\/\/secretsdutennis.fr\/wp-content\/uploads\/2023\/09\/P-01-front.jpeg 536w, https:\/\/secretsdutennis.fr\/wp-content\/uploads\/2023\/09\/P-01-front-300x177.jpeg 300w\" sizes=\"(max-width: 536px) 100vw, 536px\" \/><\/figure>\n\n\n\n<h2 class=\"wp-block-heading has-large-font-size\"><strong>Mes recherches commenc\u00e9es en 1972<\/strong><\/h2>\n\n\n\n<p>Je suis enseignant professionnel depuis 1968, et au d\u00e9but de mon enseignement entre 1968&nbsp;et 1972, j&rsquo;avais les pires difficult\u00e9s pour convaincre mes \u00e9l\u00e8ves de la technique la plus \u00e9l\u00e9mentaire car il \u00e9tait conseill\u00e9 tout et son contraire. <\/p>\n\n\n\n<p>Passionn\u00e9 par l&rsquo;enseignement du tennis, et plus particuli\u00e8rement par la technique de ce sport, je tente de faire partager cette passion \u00e0 mes \u00e9l\u00e8ves. Ceux-ci m\u00e9fiants envers cette technique qui allait \u00e0 l&rsquo;encontre de celle pr\u00e9conis\u00e9e alors, me caus\u00e8rent quelques soucis. <\/p>\n\n\n\n<p>Ma collection est donc&nbsp;n\u00e9&nbsp;d&rsquo;un d\u00e9saccord avec mes \u00e9l\u00e8ves \u00e0 propos de la technique la plus \u00e9l\u00e9mentaire du tennis. <\/p>\n\n\n\n<p>En effet, la m\u00e9thode de l&rsquo;\u00e9poque pr\u00e9conisait la prise unique, technique qui consiste \u00e0 jouer le coup droit et le revers avec la m\u00eame prise. Au bout de quatre ann\u00e9es de discussions st\u00e9riles, j&rsquo;ai song\u00e9 \u00e0 abandonner l&rsquo;enseignement du tennis. Me ressaisissant, j&rsquo;ai eu alors l&rsquo;id\u00e9e d&rsquo;illustrer mes dires par des photos de tennismen ; cette d\u00e9monstration \u00e9tait simple et indiscutable. <\/p>\n\n\n\n<p>Dans un premier temps, mon seul but fut de d\u00e9fendre ma th\u00e8se. Puis, au fur et \u00e0 mesure que les documents&nbsp;s &lsquo;accumulaient, j&rsquo;ai constitu\u00e9 un premier dossier, puis un second sur tous les coups du tennis. Pris au jeu, ce travail devint pour moi une v\u00e9ritable passion. De plus, j&rsquo;\u00e9tends mes recherches \u00e0 travers toutes les \u00e9poques et tous les pays depuis la cr\u00e9ation de ce sport. Un historique \u00e9tait mis ainsi au service de la technique gestuelle. M\u00e9tamorphos\u00e9 en \u00a0\u00bb rat de biblioth\u00e8que \u00a0\u00bb je vais d\u00e9pouiller syst\u00e9matiquement tout ce qui parle de tennis depuis ses origines : \u00a0\u00bb&nbsp;F\u00e9mina&nbsp;\u00a0\u00bb, \u00a0\u00bb Tennis \u00a0\u00bb, \u00a0\u00bb Tennis et golf \u00a0\u00bb, \u00a0\u00bb Plaisir des sports \u00a0\u00bb,&nbsp;etc&#8230;, mais aussi \u00a0\u00bb Tennis de France \u00a0\u00bb, \u00a0\u00bb Tennis Magazine \u00a0\u00bb, \u00a0\u00bb Le Monde du Tennis \u00a0\u00bb. Sans oublier tous les livres sur le tennis de tous les pays en traduction Fran\u00e7aise. <\/p>\n\n\n\n<p>Gr\u00e2ce \u00e0 ce travail intense de compilation, je constate que depuis le d\u00e9but des ann\u00e9es 1900 jusqu&rsquo;\u00e0 nos jours, des erreurs \u00e9taient commises et r\u00e9p\u00e9t\u00e9es en permanence. <\/p>\n\n\n\n<p>Ce n&rsquo;est qu&rsquo;en 1980 que je saisis l&rsquo;importance et l&rsquo;envergure de mon travail que j&rsquo;ai commenc\u00e9 en 1972. La f\u00e9d\u00e9ration fran\u00e7aise de tennis m&rsquo;ayant remis un dipl\u00f4me, et par la m\u00eame m&rsquo;ayant permis de m&rsquo;exprimer, c&rsquo;est vers elle que tout naturellement je me tourne pour exposer le travail que je menais depuis huit ann\u00e9es. Malheureusement, un bref contact t\u00e9l\u00e9phonique, suivi d&rsquo;un entretien d&rsquo;une vingtaine de minutes, rest\u00e8rent sans suite. Un telle somme de travail au fond d&rsquo;un tiroir, cela je ne pouvais l&rsquo;envisager. Commence alors pour moi la tourn\u00e9e des \u00e9diteurs, mais ceux-ci, affol\u00e9s devant une telle masse de travail, ne purent me proposer aucune synth\u00e8se.<\/p>\n\n\n\n<p>Apr\u00e8s une p\u00e9riode de r\u00e9flexion, j&rsquo;ai eu l&rsquo;id\u00e9e de me tourner vers la presse et en province \u00e0 Tarbes je me suis adress\u00e9 \u00e0 mon journal r\u00e9gional \u00a0\u00bb La Nouvelle R\u00e9publique des Pyr\u00e9n\u00e9es \u00a0\u00bb et ma rencontre avec Bernard DUCOM restera grav\u00e9e dans ma m\u00e9moire. Quatre heures durant, ce journaliste consultera tous mes dossiers, posera questions apr\u00e8s questions, prendra des notes. <\/p>\n\n\n\n<p>Le 23 septembre 1983, \u00a0\u00bb La Nouvelle R\u00e9publique \u00a0\u00bb publiait un article, le premier sur mon travail. Le 1er juin 1985, \u00a0\u00bb Sp\u00e9cial Derni\u00e8re \u00a0\u00bb, dans son \u00e9dition nationale, sous la plume de Francis&nbsp;Oeschger&nbsp;officialisait mon travail par voie de presse. Enfin, le 7 mai 1986, Bernard Delattre, de \u00a0\u00bb Toutes les Nouvelles de Versailles \u00a0\u00bb apportait un troisi\u00e8me article sur toutes mes recherches tennistiques. A ces trois journalistes, je voue une reconnaissance infinie. <\/p>\n\n\n\n<p>Dans le site, vous retrouverez ces trois articles \u00a0\u00bb in extenso \u00a0\u00bb. Gr\u00e2ce \u00e0 ses trois articles de presse, j&rsquo;ai fini par convaincre un \u00e9diteur et en octobre 1987 mon livre \u00a0\u00bb TENNIS 15 Ans de recherches pour&nbsp;un&nbsp;v\u00e9rit\u00e9 \u00a0\u00bb \u00e9tait \u00e9dit\u00e9 par \u00a0\u00bb Les Presses de&nbsp;L&rsquo;Inam&nbsp;\u00a0\u00bb.<\/p>\n\n\n\n<h2 class=\"wp-block-heading has-large-font-size\"><strong>Dou\u00e9 ou pas dou\u00e9?<\/strong><\/h2>\n\n\n\n<p><u>Pendant ma carri\u00e8re de joueur tr\u00e8s courte jusqu&rsquo;\u00e0 24 ans<\/u>&nbsp;( pour monter en seconde s\u00e9rie ex 2\/6 dans le but de passer mon dipl\u00f4me d&rsquo;enseignant professionnel de tennis et faire carri\u00e8re dans l&rsquo;enseignement du tennis ), j&rsquo;avais une technique tennistique tr\u00e8s moyenne et&nbsp;<u>mon p\u00e8re ne m&rsquo;aurait jamais dit que j&rsquo;avais une technique facile et que j&rsquo;\u00e9tais dou\u00e9<\/u>. C&rsquo;\u00e9tait effectivement un tennis plut\u00f4t laborieux avec en particulier :<\/p>\n\n\n\n<ol class=\"wp-block-list\">\n<li>Un revers tr\u00e8s moyen qui \u00e9tait plut\u00f4t d\u00e9fensif et qui n&rsquo;avan\u00e7ait pas. Pas de revers lift\u00e9 et un revers coup\u00e9 rotatif qui \u00e9tait seulement une remise en jeu, \u00e0 l&rsquo;image du revers de Fran\u00e7ois&nbsp;Jauffret&nbsp;qui n&rsquo;avait pas de revers lift\u00e9 et un mauvais revers rotatif et il est dit de son revers dans la revue Tennis de France n\u00b0160 Ao\u00fbt 1966 \u00e0 la page 13 : \u00a0\u00bbActuellement,&nbsp;Jauffret&nbsp;subit son revers et l&rsquo;ex\u00e9cute sans avancer. Il se laisse souvent d\u00e9passer par la balle et alors, mal plac\u00e9, la renvoie coup\u00e9e, lente et courte. Nagu\u00e8re tr\u00e8s honorable, son revers est devenu le d\u00e9faut de sa cuirasse, et tous les joueurs d&rsquo;un certain niveau se feront un plaisir d&rsquo;en profiter tant qu&rsquo;il ne l&rsquo;aura pas corrig\u00e9, ce qui devrait \u00eatre facile \u00a0\u00bb.<\/li>\n\n\n\n<li>Un service plus que moyen, avec une descente excessive de la raquette dans le dos qui entra\u00eenait g\u00e9n\u00e9ralement un ralentissement de la raquette voire un arr\u00eat toujours un peu \u00e0 l&rsquo;image du service de Fran\u00e7ois&nbsp;Jauffret&nbsp;qui n&rsquo;a pas \u00e9t\u00e9 son meilleur coup sur l&rsquo;ensemble de sa carri\u00e8re.<\/li>\n\n\n\n<li>Une vol\u00e9e de revers rotative qui n&rsquo;avan\u00e7ait pas et qui manquait de pr\u00e9cision, ce qui faisait de moi un volleyeur tr\u00e8s moyen.<\/li>\n\n\n\n<li>Le coup droit \u00e9tait mon meilleur coup avec une prise&nbsp;eastern&nbsp;et une pr\u00e9paration l\u00e9g\u00e8rement convexe, mais ce n&rsquo;\u00e9tait quand m\u00eame pas un tr\u00e8s grand coup droit. Tr\u00e8s souvent je tournais mon revers qui \u00e9tait faible pour faire des&nbsp;coup&nbsp;droits, ce qui entra\u00eenait sur l&rsquo;ensemble d&rsquo;une partie \u00e0 faire des d\u00e9placements beaucoup plus importants et aussi beaucoup plus fatigants.<\/li>\n<\/ol>\n\n\n\n<p><u>Pendant ma carri\u00e8re d&rsquo;enseignant<\/u>, j&rsquo;ai commenc\u00e9 \u00e0 mieux comprendre la m\u00e9canique tennistique de tous les coups du tennis et j&rsquo;ai compl\u00e8tement transform\u00e9 1) mon revers avec d&rsquo;abord un revers lift\u00e9 et ensuite un redoutable revers coup\u00e9 de piston. Voir \u00e0 \u00a0\u00bb revers \u00a0\u00bb la page \u00a0\u00bb Mon revers et sa transformation \u00a0\u00bb pour mieux comprendre l&rsquo;\u00e9volution de cette transformation. 2) J&rsquo;ai compl\u00e8tement transform\u00e9 mon service qui \u00e9tait bloqu\u00e9 pour lui donner une vitesse et une assurance maximales en fonction aussi bien \u00e9videmment de mes moyens physiques&nbsp;( Voir&nbsp;la page \u00a0\u00bb le service \u00a0\u00bb. 3) J&rsquo;ai chang\u00e9 ma vol\u00e9e de revers rotative en une redoutable vol\u00e9e de revers de piston. Ce changement a eu lieu au m\u00eame moment o\u00f9 j&rsquo;ai transform\u00e9 mon revers coup\u00e9 de fond de court en mouvement de piston (Voir la page \u00a0\u00bb La vol\u00e9e \u00a0\u00bb. 4) Pour le coup droit, j&rsquo;ai pris une prise western et petit \u00e0 petit mon coup droit s&rsquo;est am\u00e9lior\u00e9.<\/p>\n\n\n\n<p>Vers la trentaine, mon p\u00e8re est venu me voir faire une d\u00e9monstration sur le court et il n&rsquo;en est pas revenu de ma nouvelle technique gestuelle et il m&rsquo;a dit : \u00a0\u00bb Fran\u00e7ois tu as un tennis facile et tu es dou\u00e9 \u00a0\u00bb, ce qu&rsquo;il ne m&rsquo;aurait jamais dit pendant ma carri\u00e8re de joueur. En effet quand la technique gestuelle est bonne la joueuse ou le joueur para\u00eet beaucoup plus dou\u00e9.<\/p>\n\n\n\n<p>Pendant ma carri\u00e8re de joueur ex 2\/6, j&rsquo;ai \u00e9t\u00e9 champion du monde de mon d\u00e9partement et je ne comprenais pas du tout la m\u00e9canique tennistique.<\/p>\n\n\n\n<h2 class=\"wp-block-heading\">L&rsquo;analyse pleine de bon sens de mon p\u00e8re<\/h2>\n\n\n\n<p><strong>Sans mes passionnantes recherches tennistiques, j&rsquo;aurais arr\u00eat\u00e9 ce m\u00e9tier avant l&rsquo;\u00e2ge de 30 ans<\/strong> <strong>et\u00a0si \u00e0 16 ans on m&rsquo;avait inform\u00e9 de tous les risques que ce m\u00e9tier comporte, je ne l&rsquo;aurais pas fait<\/strong>. <strong>Quand on a un minimum d&rsquo;ambition, on ne fait pas ce m\u00e9tier<\/strong><\/p>\n\n\n\n<p>En 1980 mon p\u00e8re qui suivait mes affaires s&rsquo;\u00e9tait lui aussi rendu compte que la situation que j&rsquo;exer\u00e7ais n&rsquo;\u00e9tait pas si extraordinaire et que je prenais beaucoup de risques \u00e0 faire ce m\u00e9tier et il m&rsquo;a dit : \u00a0\u00bb C&rsquo;est une situation particuli\u00e8re qui en fait n&rsquo;en est pas une \u00a0\u00bb si bien que d\u00e9j\u00e0 \u00e0 l&rsquo;\u00e9poque il m&rsquo;avait propos\u00e9 si je le souhaitais de rentrer d\u00e9finitivement dans notre maison de Tarbes o\u00f9 j&rsquo;\u00e9tais log\u00e9 et nourri avec tous les avantages du logement, ce qui me permettait de gagner autant qu&rsquo;en travaillant comme prof de tennis dans la r\u00e9gion parisienne et que si je travaillais en plus comme barman par exemple il m&rsquo;a confirm\u00e9 en me disant ceci : \u00a0\u00bb tu ne vas peut-\u00eatre pas gagner le double, mais presque \u00a0\u00bb. Mon p\u00e8re a encore ajout\u00e9 : \u00a0\u00bb Ce n&rsquo;est pas la peine et pas tr\u00e8s logique de monter dans la r\u00e9gion parisienne comme prof de tennis pour gagner moins \u00a0\u00bb. <\/p>\n\n\n\n<p>C&rsquo;est vrai que cette analyse n&rsquo;\u00e9tait pas tr\u00e8s flatteuse pour notre profession. Il est vrai qu&rsquo;en dehors de mes passionnantes recherches tennistiques je n&rsquo;avais plus de raison de rester \u00e0 Paris et si je n&rsquo;avais pas eu \u00e0 ce moment l\u00e0 cette recherche tennistique que je faisais dans toutes les biblioth\u00e8ques de la r\u00e9gion parisienne et qui m&rsquo;accrochait \u00e0 ce m\u00e9tier, je pense que j&rsquo;aurais \u00e9cout\u00e9 mon p\u00e8re et que je serais revenu d\u00e9finitivement \u00e0 Tarbes. <\/p>\n\n\n\n<p>Mais ce n&rsquo;\u00e9tait que partie remise puisque 13 ans plus tard \u00e0 46 ans je prenais la d\u00e9cision de revenir \u00e0 Tarbes pour m&rsquo;occuper de mes parents. Je n&rsquo;avais pas vraiment ce m\u00e9tier dans la peau que je ne trouvais pas tr\u00e8s enthousiasmant et ce sont surtout mes recherches tennistiques qui m&rsquo;ont permis de tenir le coup. En effet, c&rsquo;\u00e9tait tr\u00e8s curieux le paradoxe qu&rsquo;il y avait entre le fait que j&rsquo;\u00e9tais passionn\u00e9 par mes recherches tennistiques pour ce m\u00e9tier et le m\u00e9tier en lui m\u00eame que je ne trouvais pas forc\u00e9ment passionnant. La meilleure preuve, c&rsquo;est que la premi\u00e8re ann\u00e9e et la deuxi\u00e8me ann\u00e9e d&rsquo;enseignement alors que je n&rsquo;avais pas encore commenc\u00e9 mes recherches tennistiques et que je ne savais m\u00eame pas que je ferais de la recherche tennistique, je me demandais ce que je faisais sur le court. <\/p>\n\n\n\n<p>Au d\u00e9but c&rsquo;est un m\u00e9tier que je n&rsquo;ai pas aim\u00e9, mais gr\u00e2ce \u00e0 mes passionnantes recherches tennistiques c&rsquo;est un m\u00e9tier que j&rsquo;ai fini par accepter et supporter. Si \u00e0 16 ans on m&rsquo;avait inform\u00e9 de tous les risques que ce m\u00e9tier comporte, je ne l&rsquo;aurais pas fait. Quand on a un peu d&rsquo;ambition, on ne fait pas ce m\u00e9tier \u00e0 temps plein. C&rsquo;est un m\u00e9tier qui n&rsquo;est pas viable, et encore moins sur l&rsquo;ensemble de toute une vie. C&rsquo;est un m\u00e9tier d&rsquo;appoint, c&rsquo;est un dipl\u00f4me d&rsquo;appoint. En faisant ce m\u00e9tier, je me suis quand m\u00eame d\u00e9couvert une passion \u00a0\u00bb la recherche tennistique \u00a0\u00bb et quand on a une passion on est sauv\u00e9 pour la vie. <\/p>\n\n\n\n<p>Finalement ce m\u00e9tier est plus un sacerdoce et si j&rsquo;ai bien r\u00e9ussi \u00e0 m&rsquo;en sortir, c&rsquo;est parce que j&rsquo;\u00e9tais c\u00e9libataire sans enfant et que j&rsquo;ai toujours v\u00e9cu avec mes parents. Je ne remets pas en cause le d\u00e9vouement des b\u00e9n\u00e9voles car sans eux les clubs de tennis n&rsquo;existeraient pas, mais pour des professionnels de tennis, ce n&rsquo;est pas naturel d&rsquo;avoir des patrons b\u00e9n\u00e9voles. Je dois dire que j&rsquo;en ai eu marre en 1993 d&rsquo;exercer ce travail et cela a \u00e9t\u00e9 un vrai bonheur pour moi de tout arr\u00eater \u00e0 46 ans et de mettre un terme d\u00e9finitif \u00e0 ma carri\u00e8re. Mon p\u00e8re \u00e9tait administrateur des affaires d&rsquo;outre mer et comme une ann\u00e9e d&rsquo;Afrique comptait double il a pris sa retraite \u00e0 46 ans en 1960 apr\u00e8s 22 ans d&rsquo;Afrique. Finalement comme mon p\u00e8re j&rsquo;ai moi aussi pris ma retraite \u00e0 46 ans et cela a \u00e9t\u00e9 un vrai bonheur aussi de revenir \u00e0 Tarbes dans la maison de mes racines et de pouvoir m&rsquo;occuper d&rsquo;eux. J&rsquo;ai eu la chance de les avoir longtemps, mon p\u00e8re est d\u00e9c\u00e9d\u00e9 en 2004 \u00e0 90 ans et ma m\u00e8re en 2006 \u00e0 94 ans et j&rsquo;ai \u00e0 ce moment l\u00e0 60 ans. <\/p>\n\n\n\n<p>Si j&rsquo;avais pris une place de barman \u00e0 20 ans et ma retraite \u00e0 60 ans, j&rsquo;aurais gagn\u00e9 plus sur l&rsquo;ensemble de ma carri\u00e8re et j&rsquo;aurais eu aussi une vie beaucoup plus facile. Bien \u00e9videmment, cela a \u00e9t\u00e9 possible et plus facile pour moi de tout arr\u00eater et de mettre un terme d\u00e9finitif \u00e0 ma carri\u00e8re \u00e0 46 ans car 1) j&rsquo;\u00e9tais de nature tr\u00e8s \u00e9conome, 2) j&rsquo;\u00e9tais c\u00e9libataire sans enfant et que 3) j&rsquo;ai toujours v\u00e9cu avec mes parents.<\/p>\n","protected":false},"excerpt":{"rendered":"<p>Fran\u00e7ois Lacaze est enseignant de tennis professionnel. Pendant 30 ans il a fait ses propres recherches sur l&rsquo;apprentissage et la technique du tennis. \u2026plus de 1000 pages de documentation&nbsp;: Ma recherche souligne toutes les erreurs et incomp\u00e9tences faites pendant tout le 20\u00b0 si\u00e8cle et prouvent que toutes les f\u00e9d\u00e9rations de tennis du monde ne comprenaient [&hellip;]<\/p>\n","protected":false},"author":1,"featured_media":0,"parent":0,"menu_order":0,"comment_status":"closed","ping_status":"open","template":"","meta":{"ocean_post_layout":"","ocean_both_sidebars_style":"","ocean_both_sidebars_content_width":0,"ocean_both_sidebars_sidebars_width":0,"ocean_sidebar":"","ocean_second_sidebar":"","ocean_disable_margins":"enable","ocean_add_body_class":"","ocean_shortcode_before_top_bar":"","ocean_shortcode_after_top_bar":"","ocean_shortcode_before_header":"","ocean_shortcode_after_header":"","ocean_has_shortcode":"","ocean_shortcode_after_title":"","ocean_shortcode_before_footer_widgets":"","ocean_shortcode_after_footer_widgets":"","ocean_shortcode_before_footer_bottom":"","ocean_shortcode_after_footer_bottom":"","ocean_display_top_bar":"default","ocean_display_header":"default","ocean_header_style":"","ocean_center_header_left_menu":"","ocean_custom_header_template":"","ocean_custom_logo":0,"ocean_custom_retina_logo":0,"ocean_custom_logo_max_width":0,"ocean_custom_logo_tablet_max_width":0,"ocean_custom_logo_mobile_max_width":0,"ocean_custom_logo_max_height":0,"ocean_custom_logo_tablet_max_height":0,"ocean_custom_logo_mobile_max_height":0,"ocean_header_custom_menu":"","ocean_menu_typo_font_family":"","ocean_menu_typo_font_subset":"","ocean_menu_typo_font_size":0,"ocean_menu_typo_font_size_tablet":0,"ocean_menu_typo_font_size_mobile":0,"ocean_menu_typo_font_size_unit":"px","ocean_menu_typo_font_weight":"","ocean_menu_typo_font_weight_tablet":"","ocean_menu_typo_font_weight_mobile":"","ocean_menu_typo_transform":"","ocean_menu_typo_transform_tablet":"","ocean_menu_typo_transform_mobile":"","ocean_menu_typo_line_height":0,"ocean_menu_typo_line_height_tablet":0,"ocean_menu_typo_line_height_mobile":0,"ocean_menu_typo_line_height_unit":"","ocean_menu_typo_spacing":0,"ocean_menu_typo_spacing_tablet":0,"ocean_menu_typo_spacing_mobile":0,"ocean_menu_typo_spacing_unit":"","ocean_menu_link_color":"","ocean_menu_link_color_hover":"","ocean_menu_link_color_active":"","ocean_menu_link_background":"","ocean_menu_link_hover_background":"","ocean_menu_link_active_background":"","ocean_menu_social_links_bg":"","ocean_menu_social_hover_links_bg":"","ocean_menu_social_links_color":"","ocean_menu_social_hover_links_color":"","ocean_disable_title":"default","ocean_disable_heading":"default","ocean_post_title":"","ocean_post_subheading":"","ocean_post_title_style":"","ocean_post_title_background_color":"","ocean_post_title_background":0,"ocean_post_title_bg_image_position":"","ocean_post_title_bg_image_attachment":"","ocean_post_title_bg_image_repeat":"","ocean_post_title_bg_image_size":"","ocean_post_title_height":0,"ocean_post_title_bg_overlay":0.5,"ocean_post_title_bg_overlay_color":"","ocean_disable_breadcrumbs":"default","ocean_breadcrumbs_color":"","ocean_breadcrumbs_separator_color":"","ocean_breadcrumbs_links_color":"","ocean_breadcrumbs_links_hover_color":"","ocean_display_footer_widgets":"default","ocean_display_footer_bottom":"default","ocean_custom_footer_template":"","footnotes":""},"class_list":["post-2","page","type-page","status-publish","hentry","entry"],"_links":{"self":[{"href":"https:\/\/secretsdutennis.fr\/index.php?rest_route=\/wp\/v2\/pages\/2","targetHints":{"allow":["GET"]}}],"collection":[{"href":"https:\/\/secretsdutennis.fr\/index.php?rest_route=\/wp\/v2\/pages"}],"about":[{"href":"https:\/\/secretsdutennis.fr\/index.php?rest_route=\/wp\/v2\/types\/page"}],"author":[{"embeddable":true,"href":"https:\/\/secretsdutennis.fr\/index.php?rest_route=\/wp\/v2\/users\/1"}],"replies":[{"embeddable":true,"href":"https:\/\/secretsdutennis.fr\/index.php?rest_route=%2Fwp%2Fv2%2Fcomments&post=2"}],"version-history":[{"count":4,"href":"https:\/\/secretsdutennis.fr\/index.php?rest_route=\/wp\/v2\/pages\/2\/revisions"}],"predecessor-version":[{"id":228,"href":"https:\/\/secretsdutennis.fr\/index.php?rest_route=\/wp\/v2\/pages\/2\/revisions\/228"}],"wp:attachment":[{"href":"https:\/\/secretsdutennis.fr\/index.php?rest_route=%2Fwp%2Fv2%2Fmedia&parent=2"}],"curies":[{"name":"wp","href":"https:\/\/api.w.org\/{rel}","templated":true}]}}