{"id":185,"date":"2023-09-14T18:09:10","date_gmt":"2023-09-14T16:09:10","guid":{"rendered":"https:\/\/secretsdutennis.fr\/?page_id=185"},"modified":"2023-09-14T18:09:13","modified_gmt":"2023-09-14T16:09:13","slug":"details-sur-la-technique","status":"publish","type":"page","link":"https:\/\/secretsdutennis.fr\/?page_id=185","title":{"rendered":"D\u00e9tails sur la technique"},"content":{"rendered":"<ul class=\"wp-block-latest-posts__list is-grid columns-3 wp-block-latest-posts\"><li><a class=\"wp-block-latest-posts__post-title\" href=\"https:\/\/secretsdutennis.fr\/?p=421\">Enseignement le plus simple possible<\/a><div class=\"wp-block-latest-posts__post-excerpt\">A l&rsquo;issue de ces analyses, nous pouvons en d\u00e9duire un enseignement qui soit le plus simple possible. A la premi\u00e8re s\u00e9ance, je fais connaissance avec mes \u00e9l\u00e8ves. Ensuite , je pr\u00e9sente le court et\u2026 <a class=\"wp-block-latest-posts__read-more\" href=\"https:\/\/secretsdutennis.fr\/?p=421\" rel=\"noopener noreferrer\">Lire la suite<span class=\"screen-reader-text\">\u00a0: Enseignement le plus simple possible<\/span><\/a><\/div><\/li>\n<li><a class=\"wp-block-latest-posts__post-title\" href=\"https:\/\/secretsdutennis.fr\/?p=417\">1890 &#8211; Grand, moyen, mauvais coup droit<\/a><div class=\"wp-block-latest-posts__post-excerpt\">Dans chaque d\u00e9cennie depuis 1890 jusqu&rsquo;en 1990, je place un grand coup droit, un coup droit moyen et un article qui conseillait la prise unique alors qu&rsquo;elle a fait beaucoup de d\u00e9g\u00e2ts depuis la\u2026 <a class=\"wp-block-latest-posts__read-more\" href=\"https:\/\/secretsdutennis.fr\/?p=417\" rel=\"noopener noreferrer\">Lire la suite<span class=\"screen-reader-text\">\u00a0: 1890 &#8211; Grand, moyen, mauvais coup droit<\/span><\/a><\/div><\/li>\n<li><a class=\"wp-block-latest-posts__post-title\" href=\"https:\/\/secretsdutennis.fr\/?p=414\">La m\u00e9thode Fran\u00e7aise 1972-1973<\/a><div class=\"wp-block-latest-posts__post-excerpt\">Compl\u00e9ment d&rsquo;information en ce qui concerne la m\u00e9thode Fran\u00e7aise 1972-1973 sortie \u00e0 Montpellier en 1973 et r\u00e9serv\u00e9e uniquement aux enseignants. 1) Ce qui c&rsquo;est dit \u00ab\u00a0avant la m\u00e9thode\u00a0\u00bb Dans la revue&nbsp;Tennis de France n\u00b0\u2026 <a class=\"wp-block-latest-posts__read-more\" href=\"https:\/\/secretsdutennis.fr\/?p=414\" rel=\"noopener noreferrer\">Lire la suite<span class=\"screen-reader-text\">\u00a0: La m\u00e9thode Fran\u00e7aise 1972-1973<\/span><\/a><\/div><\/li>\n<li><a class=\"wp-block-latest-posts__post-title\" href=\"https:\/\/secretsdutennis.fr\/?p=402\">Les mauvaises formes de pr\u00e9paration en coup droit<\/a><div class=\"wp-block-latest-posts__post-excerpt\">Les mauvaises formes trait\u00e9es dans ce dossier W. Tilden &#8211; Patty -Higueras\u00a0&#8211;\u00a0Jauffret\u00a0&#8211;\u00a0Haillet\u00a0&#8211;\u00a0Lendl\u00a0&#8211;\u00a0Noah\u00a0&#8211;\u00a0Potier\u00a0&#8211;\u00a0Mezzadri\u00a0&#8211;\u00a0Rosset\u00a0&#8211;\u00a0Edberg &#8211;\u00a0Luna\u00a0&#8211;\u00a0Martinez\u00a0&#8211;\u00a0Sampras\u00a0&#8211;\u00a0Kafelnikov\u00a0&#8211;\u00a0Gasquet &#8211; Roddick Explications l n&rsquo;y a que le retour qui compte avec des points de d\u00e9part de retour ( revoir \u00a0\u00bb\u2026 <a class=\"wp-block-latest-posts__read-more\" href=\"https:\/\/secretsdutennis.fr\/?p=402\" rel=\"noopener noreferrer\">Lire la suite<span class=\"screen-reader-text\">\u00a0: Les mauvaises formes de pr\u00e9paration en coup droit<\/span><\/a><\/div><\/li>\n<li><a class=\"wp-block-latest-posts__post-title\" href=\"https:\/\/secretsdutennis.fr\/?p=394\">Partie III &#8211; Les moyens et les mauvais coups droits<\/a><div class=\"wp-block-latest-posts__post-excerpt\">De la fin du 19\u00e8me si\u00e8cle et de tout le 20\u00e8me si\u00e8cle. Partie III: la France Le postula La diff\u00e9rence \u00e0 l&rsquo;impact entre un grand coup droit et un moyen ou mauvais coup droit.\u2026 <a class=\"wp-block-latest-posts__read-more\" href=\"https:\/\/secretsdutennis.fr\/?p=394\" rel=\"noopener noreferrer\">Lire la suite<span class=\"screen-reader-text\">\u00a0: Partie III &#8211; Les moyens et les mauvais coups droits<\/span><\/a><\/div><\/li>\n<li><a class=\"wp-block-latest-posts__post-title\" href=\"https:\/\/secretsdutennis.fr\/?p=388\">Partie II &#8211; Les moyens et les mauvais coups droits<\/a><div class=\"wp-block-latest-posts__post-excerpt\">De la fin du 19\u00e8me si\u00e8cle et de tout le 20\u00e8me si\u00e8cle. Partie II: l&rsquo;Europe Le postula La diff\u00e9rence \u00e0 l&rsquo;impact entre un grand coup droit et un moyen ou mauvais coup droit. Sur\u2026 <a class=\"wp-block-latest-posts__read-more\" href=\"https:\/\/secretsdutennis.fr\/?p=388\" rel=\"noopener noreferrer\">Lire la suite<span class=\"screen-reader-text\">\u00a0: Partie II &#8211; Les moyens et les mauvais coups droits<\/span><\/a><\/div><\/li>\n<li><a class=\"wp-block-latest-posts__post-title\" href=\"https:\/\/secretsdutennis.fr\/?p=380\">Partie I &#8211; Les moyens et les mauvais coups droits<\/a><div class=\"wp-block-latest-posts__post-excerpt\">De la fin du 19\u00e8me si\u00e8cle et de tout le 20\u00e8me si\u00e8cle. Partie I: le reste du monde Le postula La diff\u00e9rence \u00e0 l&rsquo;impact entre un grand coup droit et un moyen ou mauvais\u2026 <a class=\"wp-block-latest-posts__read-more\" href=\"https:\/\/secretsdutennis.fr\/?p=380\" rel=\"noopener noreferrer\">Lire la suite<span class=\"screen-reader-text\">\u00a0: Partie I &#8211; Les moyens et les mauvais coups droits<\/span><\/a><\/div><\/li>\n<li><a class=\"wp-block-latest-posts__post-title\" href=\"https:\/\/secretsdutennis.fr\/?p=374\">Les grands coups droits avant 1930&#8230;<\/a><div class=\"wp-block-latest-posts__post-excerpt\">&#8230; que les f\u00e9d\u00e9rations auraient pu prendre en exemple pour \u00e9ventuellement la cr\u00e9ation d&rsquo;une m\u00e9thode d&rsquo;enseignement Avant 1930 et dans tous les pays du monde, il y avait d\u00e9j\u00e0 de tr\u00e8s grands coups droits\u2026 <a class=\"wp-block-latest-posts__read-more\" href=\"https:\/\/secretsdutennis.fr\/?p=374\" rel=\"noopener noreferrer\">Lire la suite<span class=\"screen-reader-text\">\u00a0: Les grands coups droits avant 1930&#8230;<\/span><\/a><\/div><\/li>\n<li><a class=\"wp-block-latest-posts__post-title\" href=\"https:\/\/secretsdutennis.fr\/?p=369\">Partie III &#8211; Les grands coups droits: Les Fran\u00e7ais<\/a><div class=\"wp-block-latest-posts__post-excerpt\">les grands coups droits \u00e0 toutes les \u00e9poques et dans tous les pays du monde de la fin du 19\u00e8me si\u00e8cle et de tout le 20\u00e8me si\u00e8cle. Le postula Comme je l&rsquo;ai d\u00e9j\u00e0 dit\u2026 <a class=\"wp-block-latest-posts__read-more\" href=\"https:\/\/secretsdutennis.fr\/?p=369\" rel=\"noopener noreferrer\">Lire la suite<span class=\"screen-reader-text\">\u00a0: Partie III &#8211; Les grands coups droits: Les Fran\u00e7ais<\/span><\/a><\/div><\/li>\n<li><a class=\"wp-block-latest-posts__post-title\" href=\"https:\/\/secretsdutennis.fr\/?p=367\">Partie II &#8211; Les grands coups droits: Le reste du monde<\/a><div class=\"wp-block-latest-posts__post-excerpt\">les grands coups droits \u00e0 toutes les \u00e9poques et dans tous les pays du monde de la fin du 19\u00e8me si\u00e8cle et de tout le 20\u00e8me si\u00e8cle. Le postula Comme je l&rsquo;ai d\u00e9j\u00e0 dit\u2026 <a class=\"wp-block-latest-posts__read-more\" href=\"https:\/\/secretsdutennis.fr\/?p=367\" rel=\"noopener noreferrer\">Lire la suite<span class=\"screen-reader-text\">\u00a0: Partie II &#8211; Les grands coups droits: Le reste du monde<\/span><\/a><\/div><\/li>\n<li><a class=\"wp-block-latest-posts__post-title\" href=\"https:\/\/secretsdutennis.fr\/?p=362\">Postula:<\/a><div class=\"wp-block-latest-posts__post-excerpt\">Pour avoir un bon coup droit, il faut la prise western avec l&rsquo;\u00e9minence hypoth\u00e9nar de la main en 3 Le postula Comme je l&rsquo;ai d\u00e9j\u00e0 dit dans \u00a0\u00bb les prises de raquette en coup\u2026 <a class=\"wp-block-latest-posts__read-more\" href=\"https:\/\/secretsdutennis.fr\/?p=362\" rel=\"noopener noreferrer\">Lire la suite<span class=\"screen-reader-text\">\u00a0: Postula:<\/span><\/a><\/div><\/li>\n<li><a class=\"wp-block-latest-posts__post-title\" href=\"https:\/\/secretsdutennis.fr\/?p=343\">Partie I &#8211; Les grands coups droits: Les Europeens<\/a><div class=\"wp-block-latest-posts__post-excerpt\">les grands coups droits \u00e0 toutes les \u00e9poques et dans tous les pays du monde de la fin du 19\u00e8me si\u00e8cle et de tout le 20\u00e8me si\u00e8cle. Le postula Comme je l&rsquo;ai d\u00e9j\u00e0 dit\u2026 <a class=\"wp-block-latest-posts__read-more\" href=\"https:\/\/secretsdutennis.fr\/?p=343\" rel=\"noopener noreferrer\">Lire la suite<span class=\"screen-reader-text\">\u00a0: Partie I &#8211; Les grands coups droits: Les Europeens<\/span><\/a><\/div><\/li>\n<li><a class=\"wp-block-latest-posts__post-title\" href=\"https:\/\/secretsdutennis.fr\/?p=330\">Les coups droits coup\u00e9s<\/a><div class=\"wp-block-latest-posts__post-excerpt\">3 types de coups droits coup\u00e9s 1 &#8211; Les coups droits coup\u00e9s en piston En 1978, je constate la v\u00e9ritable position des coups droits et revers coup\u00e9s en fin de pr\u00e9paration. Certes, je savais\u2026 <a class=\"wp-block-latest-posts__read-more\" href=\"https:\/\/secretsdutennis.fr\/?p=330\" rel=\"noopener noreferrer\">Lire la suite<span class=\"screen-reader-text\">\u00a0: Les coups droits coup\u00e9s<\/span><\/a><\/div><\/li>\n<li><a class=\"wp-block-latest-posts__post-title\" href=\"https:\/\/secretsdutennis.fr\/?p=319\">Le principe m\u00e9canique de la raquette en coup droit &#8211; III<\/a><div class=\"wp-block-latest-posts__post-excerpt\">Le principe m\u00e9canique de la raquette en coup droit et revers avec les points de d\u00e9part de retour et un technicorama ou s\u00e9quence Prenons maintenant le graphique avec les num\u00e9ros de&nbsp;0\u00e0&nbsp;6 Nous pourrions consid\u00e9rer\u2026 <a class=\"wp-block-latest-posts__read-more\" href=\"https:\/\/secretsdutennis.fr\/?p=319\" rel=\"noopener noreferrer\">Lire la suite<span class=\"screen-reader-text\">\u00a0: Le principe m\u00e9canique de la raquette en coup droit &#8211; III<\/span><\/a><\/div><\/li>\n<li><a class=\"wp-block-latest-posts__post-title\" href=\"https:\/\/secretsdutennis.fr\/?p=310\">Les 10 raisons pour lesquelles je suis oppos\u00e9, \u00e0 l&rsquo;initiation,  \u00e0 la prise Eastern et Continentale Marteau de coup droit.<\/a><div class=\"wp-block-latest-posts__post-excerpt\">1) A titre personnel &#8211; Mon coup droit Pendant toute ma carri\u00e8re de joueur, j&rsquo;avais un bon coup droit sans plus. Ma prise de raquette \u00e9tait EASTERN. Dans la prise EASTERN, l&rsquo;\u00e9minence hypoth\u00e9nar de\u2026 <a class=\"wp-block-latest-posts__read-more\" href=\"https:\/\/secretsdutennis.fr\/?p=310\" rel=\"noopener noreferrer\">Lire la suite<span class=\"screen-reader-text\">\u00a0: Les 10 raisons pour lesquelles je suis oppos\u00e9, \u00e0 l&rsquo;initiation,  \u00e0 la prise Eastern et Continentale Marteau de coup droit.<\/span><\/a><\/div><\/li>\n<li><a class=\"wp-block-latest-posts__post-title\" href=\"https:\/\/secretsdutennis.fr\/?p=300\">Suzanne LENGLEN<\/a><div class=\"wp-block-latest-posts__post-excerpt\">Suzanne LENGLEN ancienne N\u00b01 mondiale Son histoire Dans le livre \u00a0\u00bb Le dictionnaire du tennis \u00a0\u00bb aux \u00e9ditions Fernand Nathan 1981, il est dit ceci aux pages 82, 83, 84 et 85 : Fran\u00e7aise,\u2026 <a class=\"wp-block-latest-posts__read-more\" href=\"https:\/\/secretsdutennis.fr\/?p=300\" rel=\"noopener noreferrer\">Lire la suite<span class=\"screen-reader-text\">\u00a0: Suzanne LENGLEN<\/span><\/a><\/div><\/li>\n<li><a class=\"wp-block-latest-posts__post-title\" href=\"https:\/\/secretsdutennis.fr\/?p=286\">Le coup droit de face<\/a><div class=\"wp-block-latest-posts__post-excerpt\">Un internaute m&rsquo;a envoy\u00e9 un message et me dit ceci : \u00a0\u00bb Il y a un point qui m&rsquo;a \u00e9tonn\u00e9, \u00e0 savoir les photos de d\u00e9monstration qui me paraissent d\u00e9cal\u00e9es par rapport \u00e0 la\u2026 <a class=\"wp-block-latest-posts__read-more\" href=\"https:\/\/secretsdutennis.fr\/?p=286\" rel=\"noopener noreferrer\">Lire la suite<span class=\"screen-reader-text\">\u00a0: Le coup droit de face<\/span><\/a><\/div><\/li>\n<li><a class=\"wp-block-latest-posts__post-title\" href=\"https:\/\/secretsdutennis.fr\/?p=263\">Le principe mecanique de la raquette en coup droit (II)<\/a><div class=\"wp-block-latest-posts__post-excerpt\">Partie II Nous allons prendre&nbsp;4&nbsp;exemples : 1- Dans le premier exemple, le joueur va ex\u00e9cuter un coup droit COUPE et la raquette vient se mettre en fin de pr\u00e9paration au point de d\u00e9part du\u2026 <a class=\"wp-block-latest-posts__read-more\" href=\"https:\/\/secretsdutennis.fr\/?p=263\" rel=\"noopener noreferrer\">Lire la suite<span class=\"screen-reader-text\">\u00a0: Le principe mecanique de la raquette en coup droit (II)<\/span><\/a><\/div><\/li>\n<li><a class=\"wp-block-latest-posts__post-title\" href=\"https:\/\/secretsdutennis.fr\/?p=260\">Le principe mecanique de la raquette en coup droit (I)<\/a><div class=\"wp-block-latest-posts__post-excerpt\">Partie I Explications Dans le graphique ci-dessous, vue en coupe : 0.I&nbsp;est le coup plat.&nbsp;( 0&nbsp;est dans le tamis ou le cadre de la raquette,&nbsp;I&nbsp;est l&rsquo;impact ). 1.I&nbsp;est le coup l\u00e9g\u00e8rement lift\u00e9.&nbsp;( 1&nbsp;est dans\u2026 <a class=\"wp-block-latest-posts__read-more\" href=\"https:\/\/secretsdutennis.fr\/?p=260\" rel=\"noopener noreferrer\">Lire la suite<span class=\"screen-reader-text\">\u00a0: Le principe mecanique de la raquette en coup droit (I)<\/span><\/a><\/div><\/li>\n<li><a class=\"wp-block-latest-posts__post-title\" href=\"https:\/\/secretsdutennis.fr\/?p=257\">Mon revers pendant ma carri\u00e8re de joueur<\/a><div class=\"wp-block-latest-posts__post-excerpt\">Mon revers coup\u00e9 de cisaille Si Yannick Noah pouvait faire sa mise \u00e0 niveau malgr\u00e9 une pr\u00e9paration compliqu\u00e9e ( par le haut en positionnant\u00a0la raquette verticalement, un peu comme on tient un cierge\u00a0pour arriver\u2026 <a class=\"wp-block-latest-posts__read-more\" href=\"https:\/\/secretsdutennis.fr\/?p=257\" rel=\"noopener noreferrer\">Lire la suite<span class=\"screen-reader-text\">\u00a0: Mon revers pendant ma carri\u00e8re de joueur<\/span><\/a><\/div><\/li>\n<li><a class=\"wp-block-latest-posts__post-title\" href=\"https:\/\/secretsdutennis.fr\/?p=254\">Service et smash<\/a><div class=\"wp-block-latest-posts__post-excerpt\">Le service, c&rsquo;est la mise en jeu de l&rsquo;\u00e9change&nbsp;et c&rsquo;est le seul coup qui ne d\u00e9pende pas de l&rsquo;adversaire. Le serveur lance lui-m\u00eame la balle au-dessus de sa t\u00eate et la frappe avec sa\u2026 <a class=\"wp-block-latest-posts__read-more\" href=\"https:\/\/secretsdutennis.fr\/?p=254\" rel=\"noopener noreferrer\">Lire la suite<span class=\"screen-reader-text\">\u00a0: Service et smash<\/span><\/a><\/div><\/li>\n<li><a class=\"wp-block-latest-posts__post-title\" href=\"https:\/\/secretsdutennis.fr\/?p=223\">Le fantastique coup droit d&rsquo;Anthony WILDING vs le tr\u00e8s moyen coup droit de Rod LAVER tout deux champion du monde.<\/a><div class=\"wp-block-latest-posts__post-excerpt\">Anthony WILDING champion du monde en 1913 N\u00e9o-Z\u00e9landais, 1883-1915. C\u2019est un athl\u00e8te de 1m88. Le premier grand joueur de son pays, vainqueur quatre fois cons\u00e9cutives \u00e0 Wimbledon, en 1910, 1911, 1912, 1913. Vainqueur de\u2026 <a class=\"wp-block-latest-posts__read-more\" href=\"https:\/\/secretsdutennis.fr\/?p=223\" rel=\"noopener noreferrer\">Lire la suite<span class=\"screen-reader-text\">\u00a0: Le fantastique coup droit d&rsquo;Anthony WILDING vs le tr\u00e8s moyen coup droit de Rod LAVER tout deux champion du monde.<\/span><\/a><\/div><\/li>\n<li><a class=\"wp-block-latest-posts__post-title\" href=\"https:\/\/secretsdutennis.fr\/?p=221\">Le revert \u00e0 deux mains &#8211; Paroles de champions<\/a><div class=\"wp-block-latest-posts__post-excerpt\">Jack KRAMER ancien grand champion Am\u00e9ricain \u2013 Herv\u00e9 GAUVAIN ancien grand espoir fran\u00e7ais \u2013 Georges GOVEN ancien grand espoir fran\u00e7ais Jack KRAMER\u00a0dit ceci\u00a0:\u00a0Dans \u00ab\u00a0le Monde du Tennis\u00a0\u00bb n\u00b0 90, novembre 1987, Jack KRAMER le\u2026 <a class=\"wp-block-latest-posts__read-more\" href=\"https:\/\/secretsdutennis.fr\/?p=221\" rel=\"noopener noreferrer\">Lire la suite<span class=\"screen-reader-text\">\u00a0: Le revert \u00e0 deux mains &#8211; Paroles de champions<\/span><\/a><\/div><\/li>\n<li><a class=\"wp-block-latest-posts__post-title\" href=\"https:\/\/secretsdutennis.fr\/?p=219\">Les probl\u00e8mes techniques de Yannick NOAH et\u00a0\u00a0d\u2019Odile de ROUBIN ex 2\u00e8me\u00a0joueuse de France et aussi l\u2019article de Fabrice de RAISSAC dans le livre \u2018\u2019 Mac ENROE est-il g\u00e9nial \u2018\u2019<\/a><div class=\"wp-block-latest-posts__post-excerpt\">Yannick NOAH Yannick NOAH est n\u00e9 le 18 mai 1960 \u00e0 Sedan.&nbsp;Ancien num\u00e9ro 1 fran\u00e7ais, il gagne le tournoi de Roland Garros en 1983 \u00e0 23 ans, et devient par la suite 3e joueur\u2026 <a class=\"wp-block-latest-posts__read-more\" href=\"https:\/\/secretsdutennis.fr\/?p=219\" rel=\"noopener noreferrer\">Lire la suite<span class=\"screen-reader-text\">\u00a0: Les probl\u00e8mes techniques de Yannick NOAH et\u00a0\u00a0d\u2019Odile de ROUBIN ex 2\u00e8me\u00a0joueuse de France et aussi l\u2019article de Fabrice de RAISSAC dans le livre \u2018\u2019 Mac ENROE est-il g\u00e9nial \u2018\u2019<\/span><\/a><\/div><\/li>\n<li><a class=\"wp-block-latest-posts__post-title\" href=\"https:\/\/secretsdutennis.fr\/?p=173\">Nick Bollettieri: mythe ou r\u00e9alit\u00e9? L&rsquo;avis de Fran\u00e7ois Lacaze<\/a><div class=\"wp-block-latest-posts__post-excerpt\">le journaliste Christian SARRABAYROUSE de l&rsquo;hebdomadaire \u00ab\u00a0La semaine des Pyr\u00e9n\u00e9es\u00a0\u00bb a \u00e9crit un article sur Nick Bollettieri dans la semaine du 25 septembre au 1er octobre 1997 Avant d&rsquo;aborder prochainement diff\u00e9rentes techniques, cet enseignant\u2026 <a class=\"wp-block-latest-posts__read-more\" href=\"https:\/\/secretsdutennis.fr\/?p=173\" rel=\"noopener noreferrer\">Lire la suite<span class=\"screen-reader-text\">\u00a0: Nick Bollettieri: mythe ou r\u00e9alit\u00e9? L&rsquo;avis de Fran\u00e7ois Lacaze<\/span><\/a><\/div><\/li>\n<\/ul>","protected":false},"excerpt":{"rendered":"","protected":false},"author":2,"featured_media":0,"parent":0,"menu_order":0,"comment_status":"closed","ping_status":"closed","template":"","meta":{"ocean_post_layout":"","ocean_both_sidebars_style":"","ocean_both_sidebars_content_width":0,"ocean_both_sidebars_sidebars_width":0,"ocean_sidebar":"","ocean_second_sidebar":"","ocean_disable_margins":"enable","ocean_add_body_class":"","ocean_shortcode_before_top_bar":"","ocean_shortcode_after_top_bar":"","ocean_shortcode_before_header":"","ocean_shortcode_after_header":"","ocean_has_shortcode":"","ocean_shortcode_after_title":"","ocean_shortcode_before_footer_widgets":"","ocean_shortcode_after_footer_widgets":"","ocean_shortcode_before_footer_bottom":"","ocean_shortcode_after_footer_bottom":"","ocean_display_top_bar":"default","ocean_display_header":"default","ocean_header_style":"","ocean_center_header_left_menu":"","ocean_custom_header_template":"","ocean_custom_logo":0,"ocean_custom_retina_logo":0,"ocean_custom_logo_max_width":0,"ocean_custom_logo_tablet_max_width":0,"ocean_custom_logo_mobile_max_width":0,"ocean_custom_logo_max_height":0,"ocean_custom_logo_tablet_max_height":0,"ocean_custom_logo_mobile_max_height":0,"ocean_header_custom_menu":"","ocean_menu_typo_font_family":"","ocean_menu_typo_font_subset":"","ocean_menu_typo_font_size":0,"ocean_menu_typo_font_size_tablet":0,"ocean_menu_typo_font_size_mobile":0,"ocean_menu_typo_font_size_unit":"px","ocean_menu_typo_font_weight":"","ocean_menu_typo_font_weight_tablet":"","ocean_menu_typo_font_weight_mobile":"","ocean_menu_typo_transform":"","ocean_menu_typo_transform_tablet":"","ocean_menu_typo_transform_mobile":"","ocean_menu_typo_line_height":0,"ocean_menu_typo_line_height_tablet":0,"ocean_menu_typo_line_height_mobile":0,"ocean_menu_typo_line_height_unit":"","ocean_menu_typo_spacing":0,"ocean_menu_typo_spacing_tablet":0,"ocean_menu_typo_spacing_mobile":0,"ocean_menu_typo_spacing_unit":"","ocean_menu_link_color":"","ocean_menu_link_color_hover":"","ocean_menu_link_color_active":"","ocean_menu_link_background":"","ocean_menu_link_hover_background":"","ocean_menu_link_active_background":"","ocean_menu_social_links_bg":"","ocean_menu_social_hover_links_bg":"","ocean_menu_social_links_color":"","ocean_menu_social_hover_links_color":"","ocean_disable_title":"default","ocean_disable_heading":"default","ocean_post_title":"","ocean_post_subheading":"","ocean_post_title_style":"","ocean_post_title_background_color":"","ocean_post_title_background":0,"ocean_post_title_bg_image_position":"","ocean_post_title_bg_image_attachment":"","ocean_post_title_bg_image_repeat":"","ocean_post_title_bg_image_size":"","ocean_post_title_height":0,"ocean_post_title_bg_overlay":0.5,"ocean_post_title_bg_overlay_color":"","ocean_disable_breadcrumbs":"default","ocean_breadcrumbs_color":"","ocean_breadcrumbs_separator_color":"","ocean_breadcrumbs_links_color":"","ocean_breadcrumbs_links_hover_color":"","ocean_display_footer_widgets":"default","ocean_display_footer_bottom":"default","ocean_custom_footer_template":"","footnotes":""},"class_list":["post-185","page","type-page","status-publish","hentry","entry"],"_links":{"self":[{"href":"https:\/\/secretsdutennis.fr\/index.php?rest_route=\/wp\/v2\/pages\/185","targetHints":{"allow":["GET"]}}],"collection":[{"href":"https:\/\/secretsdutennis.fr\/index.php?rest_route=\/wp\/v2\/pages"}],"about":[{"href":"https:\/\/secretsdutennis.fr\/index.php?rest_route=\/wp\/v2\/types\/page"}],"author":[{"embeddable":true,"href":"https:\/\/secretsdutennis.fr\/index.php?rest_route=\/wp\/v2\/users\/2"}],"replies":[{"embeddable":true,"href":"https:\/\/secretsdutennis.fr\/index.php?rest_route=%2Fwp%2Fv2%2Fcomments&post=185"}],"version-history":[{"count":1,"href":"https:\/\/secretsdutennis.fr\/index.php?rest_route=\/wp\/v2\/pages\/185\/revisions"}],"predecessor-version":[{"id":188,"href":"https:\/\/secretsdutennis.fr\/index.php?rest_route=\/wp\/v2\/pages\/185\/revisions\/188"}],"wp:attachment":[{"href":"https:\/\/secretsdutennis.fr\/index.php?rest_route=%2Fwp%2Fv2%2Fmedia&parent=185"}],"curies":[{"name":"wp","href":"https:\/\/api.w.org\/{rel}","templated":true}]}}